{"id":1395,"date":"2023-12-15T01:55:10","date_gmt":"2023-12-15T00:55:10","guid":{"rendered":"https:\/\/pbpannenservice.de\/?page_id=1395"},"modified":"2024-06-04T22:39:24","modified_gmt":"2024-06-04T21:39:24","slug":"about-us","status":"publish","type":"page","link":"https:\/\/pbpannenservice.de\/pl\/o-nas","title":{"rendered":"O nas"},"content":{"rendered":"<div data-elementor-type=\"wp-page\" data-elementor-id=\"1395\" class=\"elementor elementor-1395\" data-elementor-post-type=\"page\">\n\t\t\t\t<div class=\"elementor-element elementor-element-60714a8 e-con-full e-flex e-con e-parent\" data-id=\"60714a8\" data-element_type=\"container\">\n\t\t\t\t<div class=\"elementor-element elementor-element-4cdcfa3 elementor-widget elementor-widget-menu-anchor\" data-id=\"4cdcfa3\" data-element_type=\"widget\" data-widget_type=\"menu-anchor.default\">\n\t\t\t\t<div class=\"elementor-widget-container\">\n\t\t\t<style>\/*! elementor - v3.21.0 - 26-05-2024 *\/\nbody.elementor-page .elementor-widget-menu-anchor{margin-bottom:0}<\/style>\t\t<div class=\"elementor-menu-anchor\" id=\"about-us\"><\/div>\n\t\t\t\t<\/div>\n\t\t\t\t<\/div>\n\t\t\t\t<\/div>\n\t\t<div class=\"elementor-element elementor-element-ff01cc1 e-con-full e-flex e-con e-parent\" data-id=\"ff01cc1\" data-element_type=\"container\" data-settings=\"{&quot;background_background&quot;:&quot;classic&quot;}\">\n\t\t<div class=\"elementor-element elementor-element-e0a25aa e-con-full e-flex e-con e-child\" data-id=\"e0a25aa\" data-element_type=\"container\">\n\t\t\t\t<div class=\"elementor-element elementor-element-52d1238 elementor-widget__width-inherit animated-slow elementor-widget elementor-widget-heading\" data-id=\"52d1238\" data-element_type=\"widget\" data-settings=\"{&quot;_animation&quot;:&quot;none&quot;}\" data-widget_type=\"heading.default\">\n\t\t\t\t<div class=\"elementor-widget-container\">\n\t\t\t<style>\/*! elementor - v3.21.0 - 26-05-2024 *\/\n.elementor-heading-title{padding:0;margin:0;line-height:1}.elementor-widget-heading .elementor-heading-title[class*=elementor-size-]>a{color:inherit;font-size:inherit;line-height:inherit}.elementor-widget-heading .elementor-heading-title.elementor-size-small{font-size:15px}.elementor-widget-heading .elementor-heading-title.elementor-size-medium{font-size:19px}.elementor-widget-heading .elementor-heading-title.elementor-size-large{font-size:29px}.elementor-widget-heading .elementor-heading-title.elementor-size-xl{font-size:39px}.elementor-widget-heading .elementor-heading-title.elementor-size-xxl{font-size:59px}<\/style><h2 class=\"elementor-heading-title elementor-size-default\">O nas<\/h2>\t\t<\/div>\n\t\t\t\t<\/div>\n\t\t\t\t<div class=\"elementor-element elementor-element-7474b0a elementor-widget elementor-widget-text-editor\" data-id=\"7474b0a\" data-element_type=\"widget\" data-widget_type=\"text-editor.default\">\n\t\t\t\t<div class=\"elementor-widget-container\">\n\t\t\t<style>\/*! elementor - v3.21.0 - 26-05-2024 *\/\n.elementor-widget-text-editor.elementor-drop-cap-view-stacked .elementor-drop-cap{background-color:#69727d;color:#fff}.elementor-widget-text-editor.elementor-drop-cap-view-framed .elementor-drop-cap{color:#69727d;border:3px solid;background-color:transparent}.elementor-widget-text-editor:not(.elementor-drop-cap-view-default) .elementor-drop-cap{margin-top:8px}.elementor-widget-text-editor:not(.elementor-drop-cap-view-default) .elementor-drop-cap-letter{width:1em;height:1em}.elementor-widget-text-editor .elementor-drop-cap{float:left;text-align:center;line-height:1;font-size:50px}.elementor-widget-text-editor .elementor-drop-cap-letter{display:inline-block}<\/style>\t\t\t\t<p>Nasz profil<\/p>\t\t\t\t\t\t<\/div>\n\t\t\t\t<\/div>\n\t\t\t\t<div class=\"elementor-element elementor-element-07a1d17 elementor-widget elementor-widget-text-editor\" data-id=\"07a1d17\" data-element_type=\"widget\" data-widget_type=\"text-editor.default\">\n\t\t\t\t<div class=\"elementor-widget-container\">\n\t\t\t\t\t\t\t<p class=\"p1\">Jeste\u015bmy Pa\u0144stwa punktem kontaktowym w celu maksymalizacji warto\u015bci pojazd\u00f3w u\u017cytkowych.<\/p>\t\t\t\t\t\t<\/div>\n\t\t\t\t<\/div>\n\t\t\t\t<div class=\"elementor-element elementor-element-66ddce6 elementor-widget elementor-widget-text-editor\" data-id=\"66ddce6\" data-element_type=\"widget\" data-widget_type=\"text-editor.default\">\n\t\t\t\t<div class=\"elementor-widget-container\">\n\t\t\t\t\t\t\t<p class=\"p1\">Nasze do\u015bwiadczenie obejmuje ustawowe przegl\u0105dy i testy, a tak\u017ce kompleksowe us\u0142ugi techniczne, naprawy i monta\u017c. Priorytetem jest dla nas ci\u0105g\u0142o\u015b\u0107 pracy Pa\u0144stwa floty. W nag\u0142ych sytuacjach jeste\u015bmy dost\u0119pni poza regularnymi godzinami otwarcia, aby zapewni\u0107, \u017ceby Pa\u0144stwa cele zosta\u0142y zawsze osi\u0105gni\u0119te.<\/p>\t\t\t\t\t\t<\/div>\n\t\t\t\t<\/div>\n\t\t\t\t<\/div>\n\t\t<div class=\"elementor-element elementor-element-4ce6fcd e-con-full e-flex e-con e-child\" data-id=\"4ce6fcd\" data-element_type=\"container\" data-settings=\"{&quot;background_background&quot;:&quot;classic&quot;}\">\n\t\t\t\t<\/div>\n\t\t\t\t<\/div>\n\t\t<div class=\"elementor-element elementor-element-aa0ceb6 e-con-full e-flex e-con e-parent\" data-id=\"aa0ceb6\" data-element_type=\"container\">\n\t\t\t\t<div class=\"elementor-element elementor-element-035e95f elementor-widget elementor-widget-menu-anchor\" data-id=\"035e95f\" data-element_type=\"widget\" data-widget_type=\"menu-anchor.default\">\n\t\t\t\t<div class=\"elementor-widget-container\">\n\t\t\t\t\t<div class=\"elementor-menu-anchor\" id=\"team\"><\/div>\n\t\t\t\t<\/div>\n\t\t\t\t<\/div>\n\t\t\t\t<\/div>\n\t\t<div class=\"elementor-element elementor-element-afccbc9 e-con-full e-flex e-con e-parent\" data-id=\"afccbc9\" data-element_type=\"container\" data-settings=\"{&quot;background_background&quot;:&quot;classic&quot;,&quot;background_motion_fx_translateY_speed&quot;:{&quot;unit&quot;:&quot;px&quot;,&quot;size&quot;:8.1,&quot;sizes&quot;:[]},&quot;background_motion_fx_translateY_affectedRange&quot;:{&quot;unit&quot;:&quot;%&quot;,&quot;size&quot;:&quot;&quot;,&quot;sizes&quot;:{&quot;start&quot;:35,&quot;end&quot;:65}},&quot;background_motion_fx_motion_fx_scrolling&quot;:&quot;yes&quot;,&quot;background_motion_fx_translateY_effect&quot;:&quot;yes&quot;,&quot;background_motion_fx_motion_fx_mouse&quot;:&quot;yes&quot;,&quot;background_motion_fx_devices&quot;:[&quot;desktop&quot;,&quot;tablet&quot;,&quot;mobile&quot;]}\">\n\t\t<div class=\"elementor-element elementor-element-089ef24 e-con-full e-flex e-con e-child\" data-id=\"089ef24\" data-element_type=\"container\">\n\t\t\t\t<div class=\"elementor-element elementor-element-9af7407 elementor-widget__width-inherit animated-slow elementor-invisible elementor-widget elementor-widget-heading\" data-id=\"9af7407\" data-element_type=\"widget\" data-settings=\"{&quot;_animation&quot;:&quot;fadeIn&quot;}\" data-widget_type=\"heading.default\">\n\t\t\t\t<div class=\"elementor-widget-container\">\n\t\t\t<h2 class=\"elementor-heading-title elementor-size-default\">Wsp\u00f3\u0142praca<\/h2>\t\t<\/div>\n\t\t\t\t<\/div>\n\t\t\t\t<\/div>\n\t\t<div class=\"elementor-element elementor-element-db60969 e-con-full e-flex e-con e-child\" data-id=\"db60969\" data-element_type=\"container\">\n\t\t\t\t<div class=\"elementor-element elementor-element-f76b916 elementor-widget__width-inherit animated-slow elementor-invisible elementor-widget elementor-widget-heading\" data-id=\"f76b916\" data-element_type=\"widget\" data-settings=\"{&quot;_animation&quot;:&quot;fadeInUp&quot;,&quot;_animation_delay&quot;:200}\" data-widget_type=\"heading.default\">\n\t\t\t\t<div class=\"elementor-widget-container\">\n\t\t\t<h2 class=\"elementor-heading-title elementor-size-default\">Nasz zaanga\u017cowany zesp\u00f3\u0142<\/h2>\t\t<\/div>\n\t\t\t\t<\/div>\n\t\t\t\t<div class=\"elementor-element elementor-element-497f98c elementor-widget elementor-widget-text-editor\" data-id=\"497f98c\" data-element_type=\"widget\" data-widget_type=\"text-editor.default\">\n\t\t\t\t<div class=\"elementor-widget-container\">\n\t\t\t\t\t\t\t<p class=\"p1\">Nasz zaanga\u017cowany zesp\u00f3\u0142 pracuje nad zminimalizowaniem przestoj\u00f3w i utrzymaniem Pa\u0144stwa floty w najlepszej formie, poniewa\u017c rozumiemy znaczenie zaufania i wsp\u00f3\u0142pracy. Dlatego jeste\u015bmy do Pa\u0144stwa dyspozycji, aby nie tylko rozwi\u0105zywa\u0107 problemy, ale tak\u017ce zapewnia\u0107 d\u0142ugoterminowe rozwi\u0105zania.<\/p>\t\t\t\t\t\t<\/div>\n\t\t\t\t<\/div>\n\t\t\t\t<\/div>\n\t\t\t\t<\/div>\n\t\t<div class=\"elementor-element elementor-element-4c024e2 e-con-full e-flex e-con e-parent\" data-id=\"4c024e2\" data-element_type=\"container\">\n\t\t\t\t<div class=\"elementor-element elementor-element-568c867 elementor-widget elementor-widget-menu-anchor\" data-id=\"568c867\" data-element_type=\"widget\" data-widget_type=\"menu-anchor.default\">\n\t\t\t\t<div class=\"elementor-widget-container\">\n\t\t\t\t\t<div class=\"elementor-menu-anchor\" id=\"sustainability\"><\/div>\n\t\t\t\t<\/div>\n\t\t\t\t<\/div>\n\t\t\t\t<\/div>\n\t\t<div class=\"elementor-element elementor-element-e11e494 e-con-full e-flex e-con e-parent\" data-id=\"e11e494\" data-element_type=\"container\" data-settings=\"{&quot;background_background&quot;:&quot;classic&quot;,&quot;background_motion_fx_translateY_speed&quot;:{&quot;unit&quot;:&quot;px&quot;,&quot;size&quot;:8.1,&quot;sizes&quot;:[]},&quot;background_motion_fx_translateY_affectedRange&quot;:{&quot;unit&quot;:&quot;%&quot;,&quot;size&quot;:&quot;&quot;,&quot;sizes&quot;:{&quot;start&quot;:35,&quot;end&quot;:65}},&quot;background_motion_fx_motion_fx_scrolling&quot;:&quot;yes&quot;,&quot;background_motion_fx_translateY_effect&quot;:&quot;yes&quot;,&quot;background_motion_fx_motion_fx_mouse&quot;:&quot;yes&quot;,&quot;background_motion_fx_devices&quot;:[&quot;desktop&quot;,&quot;tablet&quot;,&quot;mobile&quot;]}\">\n\t\t<div class=\"elementor-element elementor-element-1b3168d e-con-full e-flex e-con e-child\" data-id=\"1b3168d\" data-element_type=\"container\">\n\t\t\t\t<div class=\"elementor-element elementor-element-2cafcda elementor-widget__width-inherit animated-slow elementor-invisible elementor-widget elementor-widget-heading\" data-id=\"2cafcda\" data-element_type=\"widget\" data-settings=\"{&quot;_animation&quot;:&quot;fadeIn&quot;}\" data-widget_type=\"heading.default\">\n\t\t\t\t<div class=\"elementor-widget-container\">\n\t\t\t<h2 class=\"elementor-heading-title elementor-size-default\">Zr\u00f3wnowa\u017cony rozw\u00f3j<\/h2>\t\t<\/div>\n\t\t\t\t<\/div>\n\t\t\t\t<\/div>\n\t\t<div class=\"elementor-element elementor-element-0d882e7 e-con-full e-flex e-con e-child\" data-id=\"0d882e7\" data-element_type=\"container\">\n\t\t\t\t<div class=\"elementor-element elementor-element-a465a50 elementor-widget__width-inherit animated-slow elementor-widget elementor-widget-heading\" data-id=\"a465a50\" data-element_type=\"widget\" data-settings=\"{&quot;_animation&quot;:&quot;none&quot;,&quot;_animation_delay&quot;:200}\" data-widget_type=\"heading.default\">\n\t\t\t\t<div class=\"elementor-widget-container\">\n\t\t\t<h2 class=\"elementor-heading-title elementor-size-default\">Wsp\u00f3lnie stawiamy<br>czo\u0142a<p id=\"green\"> nowym<br>wyzwaniom.<\/p><\/h2>\t\t<\/div>\n\t\t\t\t<\/div>\n\t\t\t\t<div class=\"elementor-element elementor-element-68968ac elementor-widget elementor-widget-text-editor\" data-id=\"68968ac\" data-element_type=\"widget\" data-widget_type=\"text-editor.default\">\n\t\t\t\t<div class=\"elementor-widget-container\">\n\t\t\t\t\t\t\t<p class=\"p1\">W bran\u017cy, w kt\u00f3rej mobilno\u015b\u0107 i niezawodno\u015b\u0107 s\u0105 najwa\u017cniejszymi priorytetami, staramy si\u0119, aby zr\u00f3wnowa\u017cony rozw\u00f3j sta\u0142 si\u0119 integraln\u0105 cz\u0119\u015bci\u0105 naszego codziennego \u017cycia, mi\u0119dzy innymi poprzez regularne korzystanie z pracownik\u00f3w ze stacji \u0142adowania aut zasilanej energi\u0105 s\u0142oneczn\u0105. Nasze osi\u0105gni\u0119cia id\u0105 w parze z naszym zaanga\u017cowaniem w przyjazn\u0105 dla \u015brodowiska przysz\u0142o\u015b\u0107, poniewa\u017c<span class=\"Apple-converted-space\">&nbsp; <\/span>w\u015br\u00f3d zmian i post\u0119pu w naszej bran\u017cy jeste\u015bmy optymistami i dostrzegamy szanse i mo\u017cliwo\u015bci oferowane przez transformacj\u0119 cyfrow\u0105.<\/p>\t\t\t\t\t\t<\/div>\n\t\t\t\t<\/div>\n\t\t\t\t<div class=\"elementor-element elementor-element-2ebc687 elementor-widget elementor-widget-text-editor\" data-id=\"2ebc687\" data-element_type=\"widget\" data-widget_type=\"text-editor.default\">\n\t\t\t\t<div class=\"elementor-widget-container\">\n\t\t\t\t\t\t\t<p class=\"p1\">Regularne kontrole i \u015brodki zapobiegawcze odgrywaj\u0105 kluczow\u0105 rol\u0119 w zachowaniu warto\u015bci pojazd\u00f3w naszych klient\u00f3w, dzi\u0119ki czemu dzia\u0142aj\u0105 one d\u0142u\u017cej i wydajniej. Oznacza to nie tylko mniej awarii, ale tak\u017ce zmniejszenie zu\u017cycia energii i zasob\u00f3w potrzebnych do produkcji nowych cz\u0119\u015bci.<\/p>\t\t\t\t\t\t<\/div>\n\t\t\t\t<\/div>\n\t\t\t\t<\/div>\n\t\t\t\t<\/div>\n\t\t<div class=\"elementor-element elementor-element-cfe7c83 e-con-full e-flex e-con e-parent\" data-id=\"cfe7c83\" data-element_type=\"container\">\n\t\t\t\t<div class=\"elementor-element elementor-element-f17e304 elementor-widget elementor-widget-menu-anchor\" data-id=\"f17e304\" data-element_type=\"widget\" data-widget_type=\"menu-anchor.default\">\n\t\t\t\t<div class=\"elementor-widget-container\">\n\t\t\t\t\t<div class=\"elementor-menu-anchor\" id=\"location\"><\/div>\n\t\t\t\t<\/div>\n\t\t\t\t<\/div>\n\t\t\t\t<\/div>\n\t\t<div class=\"elementor-element elementor-element-d8a7d57 e-con-full e-flex e-con e-parent\" data-id=\"d8a7d57\" data-element_type=\"container\" data-settings=\"{&quot;background_background&quot;:&quot;classic&quot;}\">\n\t\t<div class=\"elementor-element elementor-element-96e3fdb e-con-full e-flex e-con e-child\" data-id=\"96e3fdb\" data-element_type=\"container\" data-settings=\"{&quot;background_background&quot;:&quot;classic&quot;}\">\n\t\t\t\t<\/div>\n\t\t<div class=\"elementor-element elementor-element-bda52cd e-con-full e-flex e-con e-child\" data-id=\"bda52cd\" data-element_type=\"container\">\n\t\t\t\t<div class=\"elementor-element elementor-element-53326d6 elementor-widget elementor-widget-text-editor\" data-id=\"53326d6\" data-element_type=\"widget\" data-widget_type=\"text-editor.default\">\n\t\t\t\t<div class=\"elementor-widget-container\">\n\t\t\t\t\t\t\t<p>Nasza lokalizacja<\/p>\t\t\t\t\t\t<\/div>\n\t\t\t\t<\/div>\n\t\t\t\t<div class=\"elementor-element elementor-element-8665191 elementor-widget elementor-widget-text-editor\" data-id=\"8665191\" data-element_type=\"widget\" data-widget_type=\"text-editor.default\">\n\t\t\t\t<div class=\"elementor-widget-container\">\n\t\t\t\t\t\t\t<p class=\"p1\">Tutaj, gdzie p\u0142ynie \u0141aba, a wiatr wieje nad pomostami, odzwierciedla si\u0119 nasze zaanga\u017cowanie w doskona\u0142o\u015b\u0107 i nordyck\u0105 niezawodno\u015b\u0107.<\/p>\t\t\t\t\t\t<\/div>\n\t\t\t\t<\/div>\n\t\t\t\t<div class=\"elementor-element elementor-element-cb96403 elementor-widget elementor-widget-text-editor\" data-id=\"cb96403\" data-element_type=\"widget\" data-widget_type=\"text-editor.default\">\n\t\t\t\t<div class=\"elementor-widget-container\">\n\t\t\t\t\t\t\t<p class=\"p1\">Hamburg jest domem dla szybko\u015bci i wydajno\u015bci w logistyce i handlu. Port, jeden z najwi\u0119kszych w Europie, jest \u015bwiadectwem szybkiej obs\u0142ugi kontener\u00f3w, dzi\u0119ki czemu umacnia si\u0119 pozycja miasta jako centrum globalnego ruchu towarowego. Reputacja Hamburga w zakresie szybko\u015bci i precyzji sprawia, \u017ce jest on jednym z centralnych punkt\u00f3w globalnej logistyki.<\/p>\t\t\t\t\t\t<\/div>\n\t\t\t\t<\/div>\n\t\t\t\t<div class=\"elementor-element elementor-element-a5518b9 elementor-widget elementor-widget-text-editor\" data-id=\"a5518b9\" data-element_type=\"widget\" data-widget_type=\"text-editor.default\">\n\t\t\t\t<div class=\"elementor-widget-container\">\n\t\t\t\t\t\t\t<p class=\"p1\">Dzi\u0119ki naszej lokalizacji w Hamburg-Moorfleet korzystamy z blisko\u015bci r\u00f3\u017cnorodnych firm logistycznych i dostawc\u00f3w us\u0142ug. Ta blisko\u015b\u0107, od spedytor\u00f3w po firmy serwisowe, pozwala nam oferowa\u0107 najwy\u017cszej klasy us\u0142ugi i dzia\u0142a\u0107 wydajniej.<\/p>\t\t\t\t\t\t<\/div>\n\t\t\t\t<\/div>\n\t\t\t\t<div class=\"elementor-element elementor-element-50f75ca elementor-align-left elementor-widget__width-inherit e-transform animated-slow elementor-widget elementor-widget-button\" data-id=\"50f75ca\" data-element_type=\"widget\" data-settings=\"{&quot;_transform_translateX_effect_hover&quot;:{&quot;unit&quot;:&quot;px&quot;,&quot;size&quot;:10,&quot;sizes&quot;:[]},&quot;_animation&quot;:&quot;none&quot;,&quot;_transform_translateX_effect_hover_tablet&quot;:{&quot;unit&quot;:&quot;px&quot;,&quot;size&quot;:&quot;&quot;,&quot;sizes&quot;:[]},&quot;_transform_translateX_effect_hover_mobile&quot;:{&quot;unit&quot;:&quot;px&quot;,&quot;size&quot;:&quot;&quot;,&quot;sizes&quot;:[]},&quot;_transform_translateY_effect_hover&quot;:{&quot;unit&quot;:&quot;px&quot;,&quot;size&quot;:&quot;&quot;,&quot;sizes&quot;:[]},&quot;_transform_translateY_effect_hover_tablet&quot;:{&quot;unit&quot;:&quot;px&quot;,&quot;size&quot;:&quot;&quot;,&quot;sizes&quot;:[]},&quot;_transform_translateY_effect_hover_mobile&quot;:{&quot;unit&quot;:&quot;px&quot;,&quot;size&quot;:&quot;&quot;,&quot;sizes&quot;:[]}}\" data-widget_type=\"button.default\">\n\t\t\t\t<div class=\"elementor-widget-container\">\n\t\t\t\t\t<div class=\"elementor-button-wrapper\">\n\t\t\t<a class=\"elementor-button elementor-button-link elementor-size-sm\" href=\"https:\/\/pbpannenservice.de\/pl\/#contact\">\n\t\t\t\t\t\t<span class=\"elementor-button-content-wrapper\">\n\t\t\t\t\t\t<span class=\"elementor-button-icon elementor-align-icon-right\">\n\t\t\t\t<svg xmlns=\"http:\/\/www.w3.org\/2000\/svg\" id=\"Ebene_1\" data-name=\"Ebene 1\" viewbox=\"0 0 118.93 119.14\"><defs><style>      .cls-1 {        fill: #fff;        stroke-width: 0px;      }    <\/style><\/defs><polygon class=\"cls-1\" points=\"86.67 59.73 86.51 59.57 86.67 59.41 84.28 57.02 84.12 57.18 68.75 41.81 66.36 44.2 80.31 58.14 32.26 58.14 32.26 61.52 79.78 61.52 66.36 74.94 68.75 77.33 84.12 61.96 84.28 62.12 86.67 59.73\"><\/polygon><\/svg>\t\t\t<\/span>\n\t\t\t\t\t\t\t\t\t<span class=\"elementor-button-text\">Gdzie nas znale\u017a\u0107<\/span>\n\t\t\t\t\t<\/span>\n\t\t\t\t\t<\/a>\n\t\t<\/div>\n\t\t\t\t<\/div>\n\t\t\t\t<\/div>\n\t\t\t\t<\/div>\n\t\t\t\t<\/div>\n\t\t<div class=\"elementor-element elementor-element-af3a45d e-con-full e-flex e-con e-parent\" data-id=\"af3a45d\" data-element_type=\"container\">\n\t\t\t\t<div class=\"elementor-element elementor-element-ed3824c elementor-widget elementor-widget-menu-anchor\" data-id=\"ed3824c\" data-element_type=\"widget\" data-widget_type=\"menu-anchor.default\">\n\t\t\t\t<div class=\"elementor-widget-container\">\n\t\t\t\t\t<div class=\"elementor-menu-anchor\" id=\"partner\"><\/div>\n\t\t\t\t<\/div>\n\t\t\t\t<\/div>\n\t\t\t\t<\/div>\n\t\t<div class=\"elementor-element elementor-element-58c39dc e-con-full e-flex e-con e-parent\" data-id=\"58c39dc\" data-element_type=\"container\" data-settings=\"{&quot;background_background&quot;:&quot;classic&quot;,&quot;background_motion_fx_translateY_speed&quot;:{&quot;unit&quot;:&quot;px&quot;,&quot;size&quot;:8.1,&quot;sizes&quot;:[]},&quot;background_motion_fx_translateY_affectedRange&quot;:{&quot;unit&quot;:&quot;%&quot;,&quot;size&quot;:&quot;&quot;,&quot;sizes&quot;:{&quot;start&quot;:35,&quot;end&quot;:65}},&quot;background_motion_fx_motion_fx_scrolling&quot;:&quot;yes&quot;,&quot;background_motion_fx_translateY_effect&quot;:&quot;yes&quot;,&quot;background_motion_fx_motion_fx_mouse&quot;:&quot;yes&quot;,&quot;background_motion_fx_devices&quot;:[&quot;desktop&quot;,&quot;tablet&quot;,&quot;mobile&quot;]}\">\n\t\t<div class=\"elementor-element elementor-element-0f7dec0 e-con-full e-flex e-con e-child\" data-id=\"0f7dec0\" data-element_type=\"container\">\n\t\t\t\t<div class=\"elementor-element elementor-element-b40799c elementor-widget__width-inherit animated-slow elementor-invisible elementor-widget elementor-widget-heading\" data-id=\"b40799c\" data-element_type=\"widget\" data-settings=\"{&quot;_animation&quot;:&quot;fadeIn&quot;}\" data-widget_type=\"heading.default\">\n\t\t\t\t<div class=\"elementor-widget-container\">\n\t\t\t<h2 class=\"elementor-heading-title elementor-size-default\">Partnerzy<\/h2>\t\t<\/div>\n\t\t\t\t<\/div>\n\t\t\t\t<\/div>\n\t\t<div class=\"elementor-element elementor-element-6660f5b e-con-full e-flex e-con e-child\" data-id=\"6660f5b\" data-element_type=\"container\">\n\t\t\t\t<div class=\"elementor-element elementor-element-d158100 elementor-widget__width-inherit animated-slow elementor-widget elementor-widget-heading\" data-id=\"d158100\" data-element_type=\"widget\" data-settings=\"{&quot;_animation&quot;:&quot;none&quot;,&quot;_animation_delay&quot;:200}\" data-widget_type=\"heading.default\">\n\t\t\t\t<div class=\"elementor-widget-container\">\n\t\t\t<h2 class=\"elementor-heading-title elementor-size-default\">Zaufanie<br>&amp;  Jako\u015b\u0107<\/h2>\t\t<\/div>\n\t\t\t\t<\/div>\n\t\t\t\t<div class=\"elementor-element elementor-element-6ecd31b elementor-widget elementor-widget-text-editor\" data-id=\"6ecd31b\" data-element_type=\"widget\" data-widget_type=\"text-editor.default\">\n\t\t\t\t<div class=\"elementor-widget-container\">\n\t\t\t\t\t\t\t<p class=\"p1\">Nasze zaanga\u017cowanie zmierzaj\u0105ce do zapewnienia najwy\u017cszej jako\u015bci znajduje sw\u00f3j wyraz w naszych us\u0142ugach. Podkre\u015blamy zaufanie i niezawodno\u015b\u0107, aby budowa\u0107 d\u0142ugoterminowe partnerstwo i wspiera\u0107 p\u0142ynn\u0105 sie\u0107 logistyczn\u0105.<\/p><p><strong>Jeste\u015bmy skorzy do odkrywania wsp\u00f3lnych \u015bcie\u017cek.<\/strong><\/p>\t\t\t\t\t\t<\/div>\n\t\t\t\t<\/div>\n\t\t\t\t<div class=\"elementor-element elementor-element-0f576f3 elementor-align-left elementor-widget__width-inherit e-transform animated-slow elementor-widget elementor-widget-button\" data-id=\"0f576f3\" data-element_type=\"widget\" data-settings=\"{&quot;_transform_translateX_effect_hover&quot;:{&quot;unit&quot;:&quot;px&quot;,&quot;size&quot;:10,&quot;sizes&quot;:[]},&quot;_animation&quot;:&quot;none&quot;,&quot;_transform_translateX_effect_hover_tablet&quot;:{&quot;unit&quot;:&quot;px&quot;,&quot;size&quot;:&quot;&quot;,&quot;sizes&quot;:[]},&quot;_transform_translateX_effect_hover_mobile&quot;:{&quot;unit&quot;:&quot;px&quot;,&quot;size&quot;:&quot;&quot;,&quot;sizes&quot;:[]},&quot;_transform_translateY_effect_hover&quot;:{&quot;unit&quot;:&quot;px&quot;,&quot;size&quot;:&quot;&quot;,&quot;sizes&quot;:[]},&quot;_transform_translateY_effect_hover_tablet&quot;:{&quot;unit&quot;:&quot;px&quot;,&quot;size&quot;:&quot;&quot;,&quot;sizes&quot;:[]},&quot;_transform_translateY_effect_hover_mobile&quot;:{&quot;unit&quot;:&quot;px&quot;,&quot;size&quot;:&quot;&quot;,&quot;sizes&quot;:[]}}\" data-widget_type=\"button.default\">\n\t\t\t\t<div class=\"elementor-widget-container\">\n\t\t\t\t\t<div class=\"elementor-button-wrapper\">\n\t\t\t<a class=\"elementor-button elementor-button-link elementor-size-sm\" href=\"https:\/\/pbpannenservice.de\/pl\/kontakt\">\n\t\t\t\t\t\t<span class=\"elementor-button-content-wrapper\">\n\t\t\t\t\t\t<span class=\"elementor-button-icon elementor-align-icon-right\">\n\t\t\t\t<svg xmlns=\"http:\/\/www.w3.org\/2000\/svg\" id=\"Ebene_1\" data-name=\"Ebene 1\" viewbox=\"0 0 118.93 119.14\"><defs><style>      .cls-1 {        fill: #fff;        stroke-width: 0px;      }    <\/style><\/defs><polygon class=\"cls-1\" points=\"86.67 59.73 86.51 59.57 86.67 59.41 84.28 57.02 84.12 57.18 68.75 41.81 66.36 44.2 80.31 58.14 32.26 58.14 32.26 61.52 79.78 61.52 66.36 74.94 68.75 77.33 84.12 61.96 84.28 62.12 86.67 59.73\"><\/polygon><\/svg>\t\t\t<\/span>\n\t\t\t\t\t\t\t\t\t<span class=\"elementor-button-text\">Kontakt<\/span>\n\t\t\t\t\t<\/span>\n\t\t\t\t\t<\/a>\n\t\t<\/div>\n\t\t\t\t<\/div>\n\t\t\t\t<\/div>\n\t\t\t\t<\/div>\n\t\t\t\t<\/div>\n\t\t\t\t<\/div>","protected":false},"excerpt":{"rendered":"<p>\u00dcber uns Unser Profil Wir sind Ihre Anlaufstelle f\u00fcr maximalen Werterhalt Ihres Nutzfahrzeugs. Unsere Expertise umfasst gesetzlich vorgeschriebene Untersuchungen und Pr\u00fcfungen sowie umfassende Wartungen, Reparaturen und Montageleistungen. F\u00fcr uns steht die Kontinuit\u00e4t Ihrer Flotte an erster Stelle. In dringenden Situationen sind wir au\u00dferhalb der regul\u00e4ren \u00d6ffnungszeiten erreichbar, um sicherzustellen, dass Ihre Ziele stets erreichen k\u00f6nnen. [&hellip;]<\/p>","protected":false},"author":1,"featured_media":0,"parent":0,"menu_order":0,"comment_status":"closed","ping_status":"closed","template":"elementor_header_footer","meta":{"_seopress_robots_primary_cat":"","_seopress_titles_title":"\u00dcber uns","_seopress_titles_desc":"F\u00fcr uns steht die Kontinuit\u00e4t Ihrer Flotte an erster Stelle und verstehen die Bedeutung von Vertrauen und Zusammenarbeit.","_seopress_robots_index":"","footnotes":""},"_links":{"self":[{"href":"https:\/\/pbpannenservice.de\/pl\/wp-json\/wp\/v2\/pages\/1395"}],"collection":[{"href":"https:\/\/pbpannenservice.de\/pl\/wp-json\/wp\/v2\/pages"}],"about":[{"href":"https:\/\/pbpannenservice.de\/pl\/wp-json\/wp\/v2\/types\/page"}],"author":[{"embeddable":true,"href":"https:\/\/pbpannenservice.de\/pl\/wp-json\/wp\/v2\/users\/1"}],"replies":[{"embeddable":true,"href":"https:\/\/pbpannenservice.de\/pl\/wp-json\/wp\/v2\/comments?post=1395"}],"version-history":[{"count":3,"href":"https:\/\/pbpannenservice.de\/pl\/wp-json\/wp\/v2\/pages\/1395\/revisions"}],"predecessor-version":[{"id":2704,"href":"https:\/\/pbpannenservice.de\/pl\/wp-json\/wp\/v2\/pages\/1395\/revisions\/2704"}],"wp:attachment":[{"href":"https:\/\/pbpannenservice.de\/pl\/wp-json\/wp\/v2\/media?parent=1395"}],"curies":[{"name":"wp","href":"https:\/\/api.w.org\/{rel}","templated":true}]}}