{"id":1400,"date":"2023-12-15T01:56:17","date_gmt":"2023-12-15T00:56:17","guid":{"rendered":"https:\/\/pbpannenservice.de\/?page_id=1400"},"modified":"2024-02-16T22:13:30","modified_gmt":"2024-02-16T21:13:30","slug":"services","status":"publish","type":"page","link":"https:\/\/pbpannenservice.de\/en\/services","title":{"rendered":"Services"},"content":{"rendered":"","protected":false},"excerpt":{"rendered":"","protected":false},"author":1,"featured_media":0,"parent":0,"menu_order":0,"comment_status":"closed","ping_status":"closed","template":"elementor_header_footer","meta":{"_seopress_robots_primary_cat":"","_seopress_titles_title":"Service","_seopress_titles_desc":"Wir setzen auf Fachkenntnisse und zeitgem\u00e4\u00dfe L\u00f6sungen, um Probleme rasch zu diagnostizieren, Ausfallzeiten zu minimieren und Ihre Flotte in Topform zu halten.\r\n\r\n","_seopress_robots_index":"yes","footnotes":""},"_links":{"self":[{"href":"https:\/\/pbpannenservice.de\/en\/wp-json\/wp\/v2\/pages\/1400"}],"collection":[{"href":"https:\/\/pbpannenservice.de\/en\/wp-json\/wp\/v2\/pages"}],"about":[{"href":"https:\/\/pbpannenservice.de\/en\/wp-json\/wp\/v2\/types\/page"}],"author":[{"embeddable":true,"href":"https:\/\/pbpannenservice.de\/en\/wp-json\/wp\/v2\/users\/1"}],"replies":[{"embeddable":true,"href":"https:\/\/pbpannenservice.de\/en\/wp-json\/wp\/v2\/comments?post=1400"}],"version-history":[{"count":0,"href":"https:\/\/pbpannenservice.de\/en\/wp-json\/wp\/v2\/pages\/1400\/revisions"}],"wp:attachment":[{"href":"https:\/\/pbpannenservice.de\/en\/wp-json\/wp\/v2\/media?parent=1400"}],"curies":[{"name":"wp","href":"https:\/\/api.w.org\/{rel}","templated":true}]}}